{"id":1291,"date":"2024-05-28T09:55:03","date_gmt":"2024-05-28T09:55:03","guid":{"rendered":"https:\/\/roebbennv.b1ts.be\/emplois\/"},"modified":"2024-10-03T13:29:02","modified_gmt":"2024-10-03T13:29:02","slug":"emplois","status":"publish","type":"page","link":"https:\/\/roebben.be\/fr\/emplois\/","title":{"rendered":"Emplois"},"content":{"rendered":"\t\t<div data-elementor-type=\"wp-page\" data-elementor-id=\"1291\" class=\"elementor elementor-1291 elementor-415\" data-elementor-settings=\"{&quot;ha_cmc_init_switcher&quot;:&quot;no&quot;}\" data-elementor-post-type=\"page\">\n\t\t\t\t<div class=\"elementor-element elementor-element-497e3c6e e-flex e-con-boxed e-con e-parent\" data-id=\"497e3c6e\" data-element_type=\"container\" data-e-type=\"container\" data-settings=\"{&quot;background_background&quot;:&quot;slideshow&quot;,&quot;background_slideshow_gallery&quot;:[{&quot;id&quot;:346,&quot;url&quot;:&quot;https:\\\/\\\/roebben.be\\\/wp-content\\\/uploads\\\/2024\\\/05\\\/042-Medium.jpg&quot;},{&quot;id&quot;:370,&quot;url&quot;:&quot;https:\\\/\\\/roebben.be\\\/wp-content\\\/uploads\\\/2024\\\/05\\\/p10-1.jpg&quot;}],&quot;background_slideshow_transition_duration&quot;:1500,&quot;background_slideshow_ken_burns&quot;:&quot;yes&quot;,&quot;jet_parallax_layout_list&quot;:[],&quot;background_slideshow_loop&quot;:&quot;yes&quot;,&quot;background_slideshow_slide_duration&quot;:5000,&quot;background_slideshow_slide_transition&quot;:&quot;fade&quot;,&quot;background_slideshow_ken_burns_zoom_direction&quot;:&quot;in&quot;,&quot;_ha_eqh_enable&quot;:false}\">\n\t\t\t\t\t<div class=\"e-con-inner\">\n\t\t<div class=\"elementor-element elementor-element-7d3453a2 e-con-full animated-slow e-flex elementor-invisible e-con e-child\" data-id=\"7d3453a2\" data-element_type=\"container\" data-e-type=\"container\" data-settings=\"{&quot;animation&quot;:&quot;fadeInUp&quot;,&quot;jet_parallax_layout_list&quot;:[],&quot;_ha_eqh_enable&quot;:false}\">\n\t\t\t\t<div class=\"elementor-element elementor-element-a3ed051 elementor-widget elementor-widget-heading\" data-id=\"a3ed051\" data-element_type=\"widget\" data-e-type=\"widget\" data-widget_type=\"heading.default\">\n\t\t\t\t<div class=\"elementor-widget-container\">\n\t\t\t\t\t<h6 class=\"elementor-heading-title elementor-size-default\">Emplois<\/h6>\t\t\t\t<\/div>\n\t\t\t\t<\/div>\n\t\t\t\t<div class=\"elementor-element elementor-element-2e5ece6c elementor-widget-divider--view-line ha-has-bg-overlay elementor-widget elementor-widget-divider\" data-id=\"2e5ece6c\" data-element_type=\"widget\" data-e-type=\"widget\" data-widget_type=\"divider.default\">\n\t\t\t\t<div class=\"elementor-widget-container\">\n\t\t\t\t\t\t\t<div class=\"elementor-divider\">\n\t\t\t<span class=\"elementor-divider-separator\">\n\t\t\t\t\t\t<\/span>\n\t\t<\/div>\n\t\t\t\t\t\t<\/div>\n\t\t\t\t<\/div>\n\t\t\t\t<div class=\"elementor-element elementor-element-5f504889 elementor-widget elementor-widget-heading\" data-id=\"5f504889\" data-element_type=\"widget\" data-e-type=\"widget\" data-widget_type=\"heading.default\">\n\t\t\t\t<div class=\"elementor-widget-container\">\n\t\t\t\t\t<h1 class=\"elementor-heading-title elementor-size-default\">Travailler chez Roebben<\/h1>\t\t\t\t<\/div>\n\t\t\t\t<\/div>\n\t\t\t\t<\/div>\n\t\t\t\t\t<\/div>\n\t\t\t\t<\/div>\n\t\t<div class=\"elementor-element elementor-element-6e18807e e-flex e-con-boxed e-con e-parent\" data-id=\"6e18807e\" data-element_type=\"container\" data-e-type=\"container\" data-settings=\"{&quot;jet_parallax_layout_list&quot;:[],&quot;_ha_eqh_enable&quot;:false}\">\n\t\t\t\t\t<div class=\"e-con-inner\">\n\t\t<div class=\"elementor-element elementor-element-7a5e820 e-flex e-con-boxed e-con e-child\" data-id=\"7a5e820\" data-element_type=\"container\" data-e-type=\"container\" data-settings=\"{&quot;jet_parallax_layout_list&quot;:[],&quot;_ha_eqh_enable&quot;:false}\">\n\t\t\t\t\t<div class=\"e-con-inner\">\n\t\t\t\t<div class=\"elementor-element elementor-element-450ec310 elementor-widget elementor-widget-heading\" data-id=\"450ec310\" data-element_type=\"widget\" data-e-type=\"widget\" data-widget_type=\"heading.default\">\n\t\t\t\t<div class=\"elementor-widget-container\">\n\t\t\t\t\t<h6 class=\"elementor-heading-title elementor-size-default\">Emplois Roebben<\/h6>\t\t\t\t<\/div>\n\t\t\t\t<\/div>\n\t\t\t\t<div class=\"elementor-element elementor-element-483bc8ef elementor-widget-divider--view-line ha-has-bg-overlay elementor-widget elementor-widget-global elementor-global-1303 elementor-global-503 elementor-widget-divider\" data-id=\"483bc8ef\" data-element_type=\"widget\" data-e-type=\"widget\" data-widget_type=\"divider.default\">\n\t\t\t\t<div class=\"elementor-widget-container\">\n\t\t\t\t\t\t\t<div class=\"elementor-divider\">\n\t\t\t<span class=\"elementor-divider-separator\">\n\t\t\t\t\t\t<\/span>\n\t\t<\/div>\n\t\t\t\t\t\t<\/div>\n\t\t\t\t<\/div>\n\t\t\t\t<div class=\"elementor-element elementor-element-7e3646de elementor-widget elementor-widget-heading\" data-id=\"7e3646de\" data-element_type=\"widget\" data-e-type=\"widget\" data-widget_type=\"heading.default\">\n\t\t\t\t<div class=\"elementor-widget-container\">\n\t\t\t\t\t<h2 class=\"elementor-heading-title elementor-size-default\">D\u00e9couvrez nos offres d'emploi et rejoignez notre \u00e9quipe<\/h2>\t\t\t\t<\/div>\n\t\t\t\t<\/div>\n\t\t\t\t\t<\/div>\n\t\t\t\t<\/div>\n\t\t<div class=\"elementor-element elementor-element-232da029 animated-slow e-flex e-con-boxed elementor-invisible e-con e-child\" data-id=\"232da029\" data-element_type=\"container\" data-e-type=\"container\" data-settings=\"{&quot;animation&quot;:&quot;fadeInUp&quot;,&quot;jet_parallax_layout_list&quot;:[],&quot;_ha_eqh_enable&quot;:false}\">\n\t\t\t\t\t<div class=\"e-con-inner\">\n\t\t<div class=\"elementor-element elementor-element-53e12356 e-flex e-con-boxed e-con e-child\" data-id=\"53e12356\" data-element_type=\"container\" data-e-type=\"container\" data-settings=\"{&quot;jet_parallax_layout_list&quot;:[],&quot;_ha_eqh_enable&quot;:false}\">\n\t\t\t\t\t<div class=\"e-con-inner\">\n\t\t\t\t<div class=\"elementor-element elementor-element-66e8adc1 elementor-widget elementor-widget-text-editor\" data-id=\"66e8adc1\" data-element_type=\"widget\" data-e-type=\"widget\" data-widget_type=\"text-editor.default\">\n\t\t\t\t<div class=\"elementor-widget-container\">\n\t\t\t\t\t\t\t\t\t<p>Roebben est toujours \u00e0 la recherche de coll\u00e8gues enthousiastes pour rejoindre l&rsquo;\u00e9quipe. Vous trouverez ci-dessous un aper\u00e7u de tous nos postes vacants. Vous \u00eates le candidat que nous recherchons ? Si c&rsquo;est le cas, contactez-nous rapidement \u00e0 l&rsquo;adresse suivante:<a href=\"mailto:info@roebben.be\"> info@roebben.be<\/a><\/p>\t\t\t\t\t\t\t\t<\/div>\n\t\t\t\t<\/div>\n\t\t\t\t\t<\/div>\n\t\t\t\t<\/div>\n\t\t\t\t\t<\/div>\n\t\t\t\t<\/div>\n\t\t\t\t\t<\/div>\n\t\t\t\t<\/div>\n\t\t\t\t<\/div>\n\t\t","protected":false},"excerpt":{"rendered":"<p>Emplois Travailler chez Roebben Emplois Roebben D\u00e9couvrez nos offres d&#8217;emploi et rejoignez notre \u00e9quipe Roebben est toujours \u00e0 la recherche de coll\u00e8gues enthousiastes pour rejoindre l&rsquo;\u00e9quipe. Vous trouverez ci-dessous un aper\u00e7u de tous nos postes vacants. Vous \u00eates le candidat que nous recherchons ? Si c&rsquo;est le cas, contactez-nous rapidement \u00e0 l&rsquo;adresse suivante: info@roebben.be<\/p>\n","protected":false},"author":1,"featured_media":0,"parent":0,"menu_order":0,"comment_status":"closed","ping_status":"closed","template":"","meta":{"_monsterinsights_skip_tracking":false,"_monsterinsights_sitenote_active":false,"_monsterinsights_sitenote_note":"","_monsterinsights_sitenote_category":0,"footnotes":""},"class_list":["post-1291","page","type-page","status-publish","hentry"],"yoast_head":"<!-- This site is optimized with the Yoast SEO plugin v27.4 - https:\/\/yoast.com\/product\/yoast-seo-wordpress\/ -->\n<title>ROEBBEN - Emplois - Travailler chez Roebben<\/title>\n<meta name=\"description\" content=\"D\u00e9couvrez les postes vacants chez Roebben et devenez membre de notre \u00e9quipe. Nous recherchons des personnes talentueuses pour les travaux de terrassement, les travaux routiers, le b\u00e9ton et le recyclage. Postulez d\u00e8s maintenant et \u00e9voluez au sein de notre entreprise familiale dynamique situ\u00e9e \u00e0 Tongres, dans le Limbourg.\" \/>\n<meta name=\"robots\" content=\"noindex, follow, max-snippet:-1, max-image-preview:large, max-video-preview:-1\" \/>\n<meta property=\"og:locale\" content=\"fr_FR\" \/>\n<meta property=\"og:type\" content=\"article\" \/>\n<meta property=\"og:title\" content=\"ROEBBEN - Emplois - Travailler chez Roebben\" \/>\n<meta property=\"og:description\" content=\"D\u00e9couvrez les postes vacants chez Roebben et devenez membre de notre \u00e9quipe. Nous recherchons des personnes talentueuses pour les travaux de terrassement, les travaux routiers, le b\u00e9ton et le recyclage. Postulez d\u00e8s maintenant et \u00e9voluez au sein de notre entreprise familiale dynamique situ\u00e9e \u00e0 Tongres, dans le Limbourg.\" \/>\n<meta property=\"og:url\" content=\"https:\/\/roebben.be\/fr\/emplois\/\" \/>\n<meta property=\"og:site_name\" content=\"Roebben NV\" \/>\n<meta property=\"article:publisher\" content=\"https:\/\/www.facebook.com\/Roebben-NV-1507537339549259\/\" \/>\n<meta property=\"article:modified_time\" content=\"2024-10-03T13:29:02+00:00\" \/>\n<meta name=\"twitter:card\" content=\"summary_large_image\" \/>\n<meta name=\"twitter:label1\" content=\"Dur\u00e9e de lecture estim\u00e9e\" \/>\n\t<meta name=\"twitter:data1\" content=\"1 minute\" \/>\n<script type=\"application\/ld+json\" class=\"yoast-schema-graph\">{\"@context\":\"https:\\\/\\\/schema.org\",\"@graph\":[{\"@type\":\"WebPage\",\"@id\":\"https:\\\/\\\/roebben.be\\\/fr\\\/emplois\\\/\",\"url\":\"https:\\\/\\\/roebben.be\\\/fr\\\/emplois\\\/\",\"name\":\"ROEBBEN - Emplois - Travailler chez Roebben\",\"isPartOf\":{\"@id\":\"https:\\\/\\\/roebben.be\\\/fr\\\/#website\"},\"datePublished\":\"2024-05-28T09:55:03+00:00\",\"dateModified\":\"2024-10-03T13:29:02+00:00\",\"description\":\"D\u00e9couvrez les postes vacants chez Roebben et devenez membre de notre \u00e9quipe. Nous recherchons des personnes talentueuses pour les travaux de terrassement, les travaux routiers, le b\u00e9ton et le recyclage. Postulez d\u00e8s maintenant et \u00e9voluez au sein de notre entreprise familiale dynamique situ\u00e9e \u00e0 Tongres, dans le Limbourg.\",\"breadcrumb\":{\"@id\":\"https:\\\/\\\/roebben.be\\\/fr\\\/emplois\\\/#breadcrumb\"},\"inLanguage\":\"fr-FR\",\"potentialAction\":[{\"@type\":\"ReadAction\",\"target\":[\"https:\\\/\\\/roebben.be\\\/fr\\\/emplois\\\/\"]}]},{\"@type\":\"BreadcrumbList\",\"@id\":\"https:\\\/\\\/roebben.be\\\/fr\\\/emplois\\\/#breadcrumb\",\"itemListElement\":[{\"@type\":\"ListItem\",\"position\":1,\"name\":\"Home\",\"item\":\"https:\\\/\\\/roebben.be\\\/fr\\\/\"},{\"@type\":\"ListItem\",\"position\":2,\"name\":\"Emplois\"}]},{\"@type\":\"WebSite\",\"@id\":\"https:\\\/\\\/roebben.be\\\/fr\\\/#website\",\"url\":\"https:\\\/\\\/roebben.be\\\/fr\\\/\",\"name\":\"Roebben NV\",\"description\":\"Experts In Grondwerken,Wegenwerken, Beton &amp; Recyclage\",\"publisher\":{\"@id\":\"https:\\\/\\\/roebben.be\\\/fr\\\/#organization\"},\"potentialAction\":[{\"@type\":\"SearchAction\",\"target\":{\"@type\":\"EntryPoint\",\"urlTemplate\":\"https:\\\/\\\/roebben.be\\\/fr\\\/?s={search_term_string}\"},\"query-input\":{\"@type\":\"PropertyValueSpecification\",\"valueRequired\":true,\"valueName\":\"search_term_string\"}}],\"inLanguage\":\"fr-FR\"},{\"@type\":\"Organization\",\"@id\":\"https:\\\/\\\/roebben.be\\\/fr\\\/#organization\",\"name\":\"Roebben NV\",\"url\":\"https:\\\/\\\/roebben.be\\\/fr\\\/\",\"logo\":{\"@type\":\"ImageObject\",\"inLanguage\":\"fr-FR\",\"@id\":\"https:\\\/\\\/roebben.be\\\/fr\\\/#\\\/schema\\\/logo\\\/image\\\/\",\"url\":\"https:\\\/\\\/roebben.be\\\/wp-content\\\/uploads\\\/2024\\\/05\\\/logo_white.png\",\"contentUrl\":\"https:\\\/\\\/roebben.be\\\/wp-content\\\/uploads\\\/2024\\\/05\\\/logo_white.png\",\"width\":220,\"height\":150,\"caption\":\"Roebben NV\"},\"image\":{\"@id\":\"https:\\\/\\\/roebben.be\\\/fr\\\/#\\\/schema\\\/logo\\\/image\\\/\"},\"sameAs\":[\"https:\\\/\\\/www.facebook.com\\\/Roebben-NV-1507537339549259\\\/\",\"https:\\\/\\\/g.page\\\/roebben-nv-sa?gm\"]}]}<\/script>\n<!-- \/ Yoast SEO plugin. -->","yoast_head_json":{"title":"ROEBBEN - Emplois - Travailler chez Roebben","description":"D\u00e9couvrez les postes vacants chez Roebben et devenez membre de notre \u00e9quipe. Nous recherchons des personnes talentueuses pour les travaux de terrassement, les travaux routiers, le b\u00e9ton et le recyclage. Postulez d\u00e8s maintenant et \u00e9voluez au sein de notre entreprise familiale dynamique situ\u00e9e \u00e0 Tongres, dans le Limbourg.","robots":{"index":"noindex","follow":"follow","max-snippet":"max-snippet:-1","max-image-preview":"max-image-preview:large","max-video-preview":"max-video-preview:-1"},"og_locale":"fr_FR","og_type":"article","og_title":"ROEBBEN - Emplois - Travailler chez Roebben","og_description":"D\u00e9couvrez les postes vacants chez Roebben et devenez membre de notre \u00e9quipe. Nous recherchons des personnes talentueuses pour les travaux de terrassement, les travaux routiers, le b\u00e9ton et le recyclage. Postulez d\u00e8s maintenant et \u00e9voluez au sein de notre entreprise familiale dynamique situ\u00e9e \u00e0 Tongres, dans le Limbourg.","og_url":"https:\/\/roebben.be\/fr\/emplois\/","og_site_name":"Roebben NV","article_publisher":"https:\/\/www.facebook.com\/Roebben-NV-1507537339549259\/","article_modified_time":"2024-10-03T13:29:02+00:00","twitter_card":"summary_large_image","twitter_misc":{"Dur\u00e9e de lecture estim\u00e9e":"1 minute"},"schema":{"@context":"https:\/\/schema.org","@graph":[{"@type":"WebPage","@id":"https:\/\/roebben.be\/fr\/emplois\/","url":"https:\/\/roebben.be\/fr\/emplois\/","name":"ROEBBEN - Emplois - Travailler chez Roebben","isPartOf":{"@id":"https:\/\/roebben.be\/fr\/#website"},"datePublished":"2024-05-28T09:55:03+00:00","dateModified":"2024-10-03T13:29:02+00:00","description":"D\u00e9couvrez les postes vacants chez Roebben et devenez membre de notre \u00e9quipe. Nous recherchons des personnes talentueuses pour les travaux de terrassement, les travaux routiers, le b\u00e9ton et le recyclage. Postulez d\u00e8s maintenant et \u00e9voluez au sein de notre entreprise familiale dynamique situ\u00e9e \u00e0 Tongres, dans le Limbourg.","breadcrumb":{"@id":"https:\/\/roebben.be\/fr\/emplois\/#breadcrumb"},"inLanguage":"fr-FR","potentialAction":[{"@type":"ReadAction","target":["https:\/\/roebben.be\/fr\/emplois\/"]}]},{"@type":"BreadcrumbList","@id":"https:\/\/roebben.be\/fr\/emplois\/#breadcrumb","itemListElement":[{"@type":"ListItem","position":1,"name":"Home","item":"https:\/\/roebben.be\/fr\/"},{"@type":"ListItem","position":2,"name":"Emplois"}]},{"@type":"WebSite","@id":"https:\/\/roebben.be\/fr\/#website","url":"https:\/\/roebben.be\/fr\/","name":"Roebben NV","description":"Experts In Grondwerken,Wegenwerken, Beton &amp; Recyclage","publisher":{"@id":"https:\/\/roebben.be\/fr\/#organization"},"potentialAction":[{"@type":"SearchAction","target":{"@type":"EntryPoint","urlTemplate":"https:\/\/roebben.be\/fr\/?s={search_term_string}"},"query-input":{"@type":"PropertyValueSpecification","valueRequired":true,"valueName":"search_term_string"}}],"inLanguage":"fr-FR"},{"@type":"Organization","@id":"https:\/\/roebben.be\/fr\/#organization","name":"Roebben NV","url":"https:\/\/roebben.be\/fr\/","logo":{"@type":"ImageObject","inLanguage":"fr-FR","@id":"https:\/\/roebben.be\/fr\/#\/schema\/logo\/image\/","url":"https:\/\/roebben.be\/wp-content\/uploads\/2024\/05\/logo_white.png","contentUrl":"https:\/\/roebben.be\/wp-content\/uploads\/2024\/05\/logo_white.png","width":220,"height":150,"caption":"Roebben NV"},"image":{"@id":"https:\/\/roebben.be\/fr\/#\/schema\/logo\/image\/"},"sameAs":["https:\/\/www.facebook.com\/Roebben-NV-1507537339549259\/","https:\/\/g.page\/roebben-nv-sa?gm"]}]}},"_links":{"self":[{"href":"https:\/\/roebben.be\/fr\/wp-json\/wp\/v2\/pages\/1291","targetHints":{"allow":["GET"]}}],"collection":[{"href":"https:\/\/roebben.be\/fr\/wp-json\/wp\/v2\/pages"}],"about":[{"href":"https:\/\/roebben.be\/fr\/wp-json\/wp\/v2\/types\/page"}],"author":[{"embeddable":true,"href":"https:\/\/roebben.be\/fr\/wp-json\/wp\/v2\/users\/1"}],"replies":[{"embeddable":true,"href":"https:\/\/roebben.be\/fr\/wp-json\/wp\/v2\/comments?post=1291"}],"version-history":[{"count":10,"href":"https:\/\/roebben.be\/fr\/wp-json\/wp\/v2\/pages\/1291\/revisions"}],"predecessor-version":[{"id":1434,"href":"https:\/\/roebben.be\/fr\/wp-json\/wp\/v2\/pages\/1291\/revisions\/1434"}],"wp:attachment":[{"href":"https:\/\/roebben.be\/fr\/wp-json\/wp\/v2\/media?parent=1291"}],"curies":[{"name":"wp","href":"https:\/\/api.w.org\/{rel}","templated":true}]}}